{"id":39,"date":"2020-08-09T20:02:02","date_gmt":"2020-08-09T18:02:02","guid":{"rendered":"http:\/\/drs-fahimi.de\/start\/?page_id=39"},"modified":"2020-08-13T07:55:08","modified_gmt":"2020-08-13T05:55:08","slug":"impressum","status":"publish","type":"page","link":"https:\/\/drs-fahimi.de\/home\/impressum\/","title":{"rendered":"impressum"},"content":{"rendered":"\t\t<div data-elementor-type=\"wp-page\" data-elementor-id=\"39\" class=\"elementor elementor-39\">\n\t\t\t\t\t\t<section class=\"elementor-section elementor-top-section elementor-element elementor-element-ee5454d elementor-section-full_width elementor-section-height-default elementor-section-height-default\" data-id=\"ee5454d\" data-element_type=\"section\" data-settings=\"{&quot;background_background&quot;:&quot;classic&quot;}\">\n\t\t\t\t\t\t<div class=\"elementor-container elementor-column-gap-default\">\n\t\t\t\t\t<div class=\"elementor-column elementor-col-100 elementor-top-column elementor-element elementor-element-b2c5014\" data-id=\"b2c5014\" data-element_type=\"column\">\n\t\t\t<div class=\"elementor-widget-wrap elementor-element-populated\">\n\t\t\t\t\t\t<div class=\"elementor-element elementor-element-5cf5b42 elementor-widget elementor-widget-text-editor\" data-id=\"5cf5b42\" data-element_type=\"widget\" data-widget_type=\"text-editor.default\">\n\t\t\t\t<div class=\"elementor-widget-container\">\n\t\t\t\t\t\t\t\t\t<p><strong>impressum, disclaimer<\/strong><\/p><p>Angaben gem\u00e4\u00df \u00a7 5 TMG:<\/p><p>Dr. med. Sohrab M. Fahimi hat seine Berufsbezeichnung in der Bundesrepublik Deutschland erworben. Seine Berufsbezeichnung lautet: Facharzt f\u00fcr Allgemeinmedizin. Zusatzbezeichung Diabetologe.<\/p><p>Bergmannstrasse 5<\/p><p>10961 Berlin<\/p><p>( Tel: 030 \/ 6143635, Fax: 030 \/ 6147766, E-mail:praxis@dr-fahimi.de, Internet: www.drs-fahimi.de ). Er ist Mitglied der zust\u00e4ndigen \u00c4rztekammer Berlin.<\/p><p>PR 193, am 14.05.2001<\/p><p>Zust\u00e4ndige \u00c4rztekammer:<\/p><p>\u00c4rztekammer Berlin, K\u00f6rperschaft des \u00d6ffentlichen Rechts<\/p><p>Friedrichstra\u00dfe 16, 10969 Berlin<\/p><p>Telefon 030 40 806 0<\/p><p>Telefax 030 40 806 34 99<\/p><p>E-Mail: <a href=\"mailto:kammer@aekb.de\">kammer@aekb.de<\/a><\/p><p>Web: <a href=\"http:\/\/www.aerztekammer-berlin.de\/\">www.aerztekammer-berlin.de<\/a><\/p><p>Berufsrechtliche Regelungen:<\/p><p>\u2013 Berufsordnung der \u00c4rztekammer Berlin<\/p><p>\u2013 Berliner Kammergesetz<\/p><p>Sie finden die aktuell g\u00fcltigen Fassungen dieser Gesetze und Verordnungen des Landes Berlin auf der Website der \u00c4rztekammer Berlin<\/p><p>Web: <a href=\"http:\/\/www.aerztekammer-berlin.de\/\">www.aerztekammer-berlin.de<\/a><\/p><p>Zust\u00e4ndige kassen\u00e4rztliche Vereinigung:<\/p><p>Kassen\u00e4rztliche Vereinigung Berlin<\/p><p>K\u00f6rperschaft des \u00d6ffentlichen Rechts<\/p><p>Masurenallee 6 A, 14057 Berlin<\/p><p>Telefon 030 31 003 0<\/p><p>Telefax 030 31 003 380<\/p><p>E-Mail: <a href=\"mailto:kammer@aekb.de\">kammer@aekb.de<\/a><\/p><p>Web: <a href=\"http:\/\/www.kvberlin.de\/\">www.kvberlin.de<\/a><\/p><p><strong>\u00a0<\/strong><\/p><p><strong>\u00a0<\/strong><\/p><p><strong>Haftung f\u00fcr Inhalte<\/strong><\/p><p>Als Diensteanbieter sind wir gem\u00e4\u00df \u00a7 7 Abs.1 TMG f\u00fcr eigene Inhalte auf diesen Seiten nach den allgemeinen Gesetzen verantwortlich. Nach \u00a7\u00a7 8 bis 10 TMG sind wir als Diensteanbieter jedoch nicht verpflichtet, \u00fcbermittelte oder gespeicherte fremde Informationen zu \u00fcberwachen oder nach Umst\u00e4nden zu forschen, die auf eine rechtswidrige T\u00e4tigkeit hinweisen.<\/p><p>Verpflichtungen zur Entfernung oder Sperrung der Nutzung von Informationen nach den allgemeinen Gesetzen bleiben hiervon unber\u00fchrt. Eine diesbez\u00fcgliche Haftung ist jedoch erst ab dem Zeitpunkt der Kenntnis einer konkreten Rechtsverletzung m\u00f6glich. Bei Bekanntwerden von entsprechenden Rechtsverletzungen werden wir diese Inhalte umgehend entfernen.<\/p><p><strong>Haftung f\u00fcr Links<\/strong><\/p><p>Unser Angebot enth\u00e4lt Links zu externen Websites Dritter, auf deren Inhalte wir keinen Einfluss haben. Deshalb k\u00f6nnen wir f\u00fcr diese fremden Inhalte auch keine Gew\u00e4hr \u00fcbernehmen. F\u00fcr die Inhalte der verlinkten Seiten ist stets der jeweilige Anbieter oder Betreiber der Seiten verantwortlich. Die verlinkten Seiten wurden zum Zeitpunkt der Verlinkung auf m\u00f6gliche Rechtsverst\u00f6\u00dfe \u00fcberpr\u00fcft. Rechtswidrige Inhalte waren zum Zeitpunkt der Verlinkung nicht erkennbar.<\/p><p>Eine permanente inhaltliche Kontrolle der verlinkten Seiten ist jedoch ohne konkrete Anhaltspunkte einer Rechtsverletzung nicht zumutbar. Bei Bekanntwerden von Rechtsverletzungen werden wir derartige Links umgehend entfernen.<\/p><p><strong>Urheberrecht<\/strong><\/p><p>Die durch uns erstellten Inhalte und Werke auf diesen Seiten unterliegen dem deutschen Urheberrecht. Die Vervielf\u00e4ltigung, Bearbeitung, Verbreitung und jede Art der Verwertung au\u00dferhalb der Grenzen des Urheberrechtes bed\u00fcrfen der schriftlichen Zustimmung des jeweiligen Autors bzw. Erstellers. Downloads und Kopien dieser Seite sind nur f\u00fcr den privaten, nicht kommerziellen Gebrauch gestattet.<\/p><p>Soweit die Inhalte auf dieser Seite nicht vom Betreiber erstellt wurden, werden die Urheberrechte Dritter beachtet. Insbesondere werden Inhalte Dritter als solche gekennzeichnet. Sollten Sie trotzdem auf eine Urheberrechtsverletzung aufmerksam werden, bitten wir um einen entsprechenden Hinweis. Bei Bekanntwerden von Rechtsverletzungen werden wir derartige Inhalte umgehend entfernen.<\/p><p>Der Nutzung von im Rahmen der Impressumspflicht ver\u00f6ffentlichten Kontaktdaten durch Dritte zur \u00dcbersendung von nicht ausdr\u00fccklich angeforderter Werbung und Informationsmaterialien wird hiermit ausdr\u00fccklich widersprochen. Die Betreiber der Seiten behalten sich ausdr\u00fccklich rechtliche Schritte im Falle der unverlangten Zusendung von Werbeinformationen, etwa durch Spam-Mails, vor.<\/p>\t\t\t\t\t\t\t\t<\/div>\n\t\t\t\t<\/div>\n\t\t\t\t\t<\/div>\n\t\t<\/div>\n\t\t\t\t\t<\/div>\n\t\t<\/section>\n\t\t\t\t<\/div>\n\t\t","protected":false},"excerpt":{"rendered":"<p>impressum, disclaimer Angaben gem\u00e4\u00df \u00a7 5 TMG: Dr. med. Sohrab M. Fahimi hat seine Berufsbezeichnung in der Bundesrepublik Deutschland erworben. Seine Berufsbezeichnung lautet: Facharzt f\u00fcr Allgemeinmedizin. Zusatzbezeichung Diabetologe. Bergmannstrasse 5 [&hellip;]<\/p>\n","protected":false},"author":1,"featured_media":0,"parent":0,"menu_order":0,"comment_status":"closed","ping_status":"closed","template":"elementor_header_footer","meta":{"_monsterinsights_skip_tracking":false,"_monsterinsights_sitenote_active":false,"_monsterinsights_sitenote_note":"","_monsterinsights_sitenote_category":0,"footnotes":""},"class_list":["post-39","page","type-page","status-publish","hentry"],"_links":{"self":[{"href":"https:\/\/drs-fahimi.de\/home\/wp-json\/wp\/v2\/pages\/39","targetHints":{"allow":["GET"]}}],"collection":[{"href":"https:\/\/drs-fahimi.de\/home\/wp-json\/wp\/v2\/pages"}],"about":[{"href":"https:\/\/drs-fahimi.de\/home\/wp-json\/wp\/v2\/types\/page"}],"author":[{"embeddable":true,"href":"https:\/\/drs-fahimi.de\/home\/wp-json\/wp\/v2\/users\/1"}],"replies":[{"embeddable":true,"href":"https:\/\/drs-fahimi.de\/home\/wp-json\/wp\/v2\/comments?post=39"}],"version-history":[{"count":6,"href":"https:\/\/drs-fahimi.de\/home\/wp-json\/wp\/v2\/pages\/39\/revisions"}],"predecessor-version":[{"id":354,"href":"https:\/\/drs-fahimi.de\/home\/wp-json\/wp\/v2\/pages\/39\/revisions\/354"}],"wp:attachment":[{"href":"https:\/\/drs-fahimi.de\/home\/wp-json\/wp\/v2\/media?parent=39"}],"curies":[{"name":"wp","href":"https:\/\/api.w.org\/{rel}","templated":true}]}}