{"id":37,"date":"2020-08-09T20:01:37","date_gmt":"2020-08-09T18:01:37","guid":{"rendered":"http:\/\/drs-fahimi.de\/start\/?page_id=37"},"modified":"2020-08-13T07:56:28","modified_gmt":"2020-08-13T05:56:28","slug":"datenschutz","status":"publish","type":"page","link":"https:\/\/drs-fahimi.de\/home\/datenschutz\/","title":{"rendered":"datenschutz"},"content":{"rendered":"\t\t<div data-elementor-type=\"wp-page\" data-elementor-id=\"37\" class=\"elementor elementor-37\">\n\t\t\t\t\t\t<section class=\"elementor-section elementor-top-section elementor-element elementor-element-4838675 elementor-section-full_width elementor-section-height-default elementor-section-height-default\" data-id=\"4838675\" data-element_type=\"section\" data-settings=\"{&quot;background_background&quot;:&quot;classic&quot;}\">\n\t\t\t\t\t\t<div class=\"elementor-container elementor-column-gap-default\">\n\t\t\t\t\t<div class=\"elementor-column elementor-col-100 elementor-top-column elementor-element elementor-element-206a08f\" data-id=\"206a08f\" data-element_type=\"column\">\n\t\t\t<div class=\"elementor-widget-wrap elementor-element-populated\">\n\t\t\t\t\t\t<div class=\"elementor-element elementor-element-2e4e3da elementor-widget elementor-widget-text-editor\" data-id=\"2e4e3da\" data-element_type=\"widget\" data-widget_type=\"text-editor.default\">\n\t\t\t\t<div class=\"elementor-widget-container\">\n\t\t\t\t\t\t\t\t\t<h6>\u00a0<\/h6><h6>datenschutz<\/h6><h6>Die Nutzung unserer Webseite ist in der Regel ohne Angabe personenbezogener Daten m\u00f6glich. Soweit auf unseren Seiten personenbezogene Daten (beispielsweise Name, Anschrift oder eMail-Adressen) erhoben werden, erfolgt dies, soweit m\u00f6glich, stets auf freiwilliger Basis. Diese Daten werden ohne Ihre ausdr\u00fcckliche Zustimmung nicht an Dritte weitergegeben.\u00a0Unsere Homepage dient ausschlie\u00dflich der Bereitstellung von Informationen \u00fcber unsere Praxis, unser Behandlungsspektrum und therapeutische und diagnostischen M\u00f6glichkeiten bei verschiedenen Erkrankungen. Wir erheben nur die personenbezogenen Daten, die Ihr Browser an unseren Server \u00fcbermittelt. Wenn Sie unsere Website betrachten m\u00f6chten, erheben wir die folgenden Daten, die f\u00fcr uns technisch erforderlich sind, um Ihnen unsere Website anzuzeigen und die Stabilit\u00e4t und Sicherheit zu gew\u00e4hrleisten (Rechtsgrundlage ist Art. 6 Abs. 1 S. 1 lit. f DSGVO):<\/h6><ul><li><h6>IP-Adresse<\/h6><\/li><li><h6>Datum und Uhrzeit der Anfrage<\/h6><\/li><li><h6>Zeitzonendifferenz zur Greenwich Mean Time (GMT)<\/h6><\/li><li><h6>Inhalt der Anforderung (konkrete Seite)<\/h6><\/li><li><h6>Zugriffsstatus\/HTTP-Statuscode<\/h6><\/li><li><h6>jeweils \u00fcbertragene Datenmenge<\/h6><\/li><li><h6>Website, von der die Anforderung kommt<\/h6><\/li><li><h6>Browser<\/h6><\/li><li><h6>Betriebssystem und dessen Oberfl\u00e4che<\/h6><\/li><li><h6>Sprache und Version der Browsersoftware.<\/h6><\/li><\/ul><h6>Zus\u00e4tzlich zu diesen Daten werden bei Ihrer Nutzung unserer Internetseite auch Cookies auf Ihrem Rechner gespeichert. Bei Cookies handelt es sich um kleine Textdateien, die auf Ihrer Festplatte dem von Ihnen verwendeten Browser zugeordnet gespeichert werden und durch welche der Stelle, die den Cookie setzt (hier durch uns), bestimmte Informationen zuflie\u00dfen. Cookies k\u00f6nnen keine Programme ausf\u00fchren oder Viren auf Ihren Computer \u00fcbertragen. Sie dienen dazu, das Internetangebot insgesamt nutzerfreundlicher und effektiver zu machen.<\/h6><h6>In der Praxis ist f\u00fcr den Datenschutz verantwortlich und steht Ihnen bei Fragen zur Verf\u00fcgung:<\/h6><h6>Praxisinhaber:<\/h6><h6>Dr. med. Sohrab M. Fahimi<\/h6><div>\u00a0<\/div><h6>Bergmannstrasse 5<\/h6><h6>10961 Berlin<\/h6><h6>Telefon: 030-614 36 35<\/h6><h6>\u00a0Fax: 030-614 77 66<\/h6><h6>\u00a0Email: <a href=\"mailto:praxis@drs-fahimi.de\">praxis@dr-fahimi.de<\/a><\/h6><h6>Sie haben uns gegen\u00fcber folgende Rechte:<\/h6><ul><li><h6>Recht auf Berichtigung und L\u00f6schung<\/h6><\/li><li><h6>Recht auf Daten\u00fcbertragbarkeit<\/h6><\/li><li><h6>Recht auf Einschr\u00e4nkung der Verarbeitung<\/h6><\/li><li><h6>Recht auf Auskunft<\/h6><\/li><li><h6>Recht auf Widerspruch gegen die Verarbeitung<\/h6><\/li><\/ul><h6>Sie erhalten jederzeit unentgeltlich Auskunft \u00fcber die von uns gespeicherten personenbezogenen Daten zu Ihrer Person sowie zur Herkunft, dem Empf\u00e4nger und dem Zweck von Datenerhebung sowie Datenverarbeitung. Au\u00dferdem haben Sie das Recht, die Berichtigung, die Sperrung oder L\u00f6schung Ihrer Daten zu verlangen. Ausgenommen davon sind Daten, die aufgrund gesetzlicher Vorschriften aufbewahrt werden m\u00fcssen, wie z.B. im Rahmen unser kassen\u00e4rztlichen T\u00e4tigkeit im Rahmen des SGB V. Damit eine Datensperre jederzeit realisiert werden kann, werden Daten zu Kontrollzwecken in einer internen Sperrdatei vorgehalten. Werden Daten nicht von einer gesetzlichen Archivierungspflicht erfasst, l\u00f6schen wir Ihre Daten auf Ihren Wunsch. Greift die Archivierungspflicht, sperren wir Ihre Daten. F\u00fcr alle Fragen und Anliegen zur Berichtigung, Sperrung oder L\u00f6schung von personenbezogenen Daten wenden Sie sich bitte an die oben genannten Kontaktperson unter den Kontaktdaten in dieser Datenschutzerkl\u00e4rung. Wenn Sie uns per Kontaktformular Anfragen zukommen lassen, werden Ihre Angaben aus dem Anfrageformular inklusive der von Ihnen dort angegebenen Kontaktdaten zwecks Bearbeitung der Anfrage und f\u00fcr den Fall von Anschlussfragen bei uns gespeichert. Diese Daten geben wir nicht ohne Ihre Einwilligung weiter. Die Verarbeitung der in das Kontaktformular eingegebenen Daten erfolgt somit ausschlie\u00dflich auf Grundlage Ihrer Einwilligung (Art. 6 Abs. 1 lit. a DSGVO). Sie k\u00f6nnen diese Einwilligung jederzeit widerrufen. Dazu reicht eine formlose Mitteilung per E-Mail an uns. Die Rechtm\u00e4\u00dfigkeit der bis zum Widerruf erfolgten Datenverarbeitungsvorg\u00e4nge bleibt vom Widerruf unber\u00fchrt. Die von Ihnen im Kontaktformular eingegebenen Daten verbleiben bei uns, bis Sie uns zur L\u00f6schung auffordern, Ihre Einwilligung zur Speicherung widerrufen oder der Zweck f\u00fcr die Datenspeicherung entf\u00e4llt (z.B. nach abgeschlossener Bearbeitung Ihrer Anfrage). Zwingende gesetzliche Bestimmungen \u2013 insbesondere Aufbewahrungsfristen \u2013 bleiben unber\u00fchrt.<\/h6><h6>Unsere Homepage benutzt Google Maps zur Darstellung von Karten und zur Erstellung von Anfahrtspl\u00e4nen. Google Maps wird von Google Inc., 1600 Amphitheatre Parkway, Mountain View, CA 94043, USA betrieben. Durch den Besuch auf der Homepage erh\u00e4lt Google Informationen dar\u00fcber, dass Sie die entsprechende Seite unseres Webauftrittes aufgerufen haben. Dies erfolgt auch unabh\u00e4ngig davon, ob Sie ein Nutzerkonto bei Google haben oder \u00fcber dieses eingeloggt sind. F\u00fcr den Fall, dass Sie w\u00e4hrend der Nutzung der Homepage \u00fcber ein Nutzerkonto von Google eingeloggt sind, werden die Daten direkt Ihrem Benutzerkonto zugeordnet. Wenn Sie dies nicht w\u00fcnschen, so m\u00fcssen Sie sich vor Nutzung unserer Homepage bei Google ausloggen.<\/h6><h6>\u00a0<\/h6>\t\t\t\t\t\t\t\t<\/div>\n\t\t\t\t<\/div>\n\t\t\t\t\t<\/div>\n\t\t<\/div>\n\t\t\t\t\t<\/div>\n\t\t<\/section>\n\t\t\t\t<\/div>\n\t\t","protected":false},"excerpt":{"rendered":"<p>\u00a0 datenschutz Die Nutzung unserer Webseite ist in der Regel ohne Angabe personenbezogener Daten m\u00f6glich. Soweit auf unseren Seiten personenbezogene Daten (beispielsweise Name, Anschrift oder eMail-Adressen) erhoben werden, erfolgt dies, [&hellip;]<\/p>\n","protected":false},"author":1,"featured_media":0,"parent":0,"menu_order":0,"comment_status":"closed","ping_status":"closed","template":"elementor_header_footer","meta":{"_monsterinsights_skip_tracking":false,"_monsterinsights_sitenote_active":false,"_monsterinsights_sitenote_note":"","_monsterinsights_sitenote_category":0,"footnotes":""},"class_list":["post-37","page","type-page","status-publish","hentry"],"_links":{"self":[{"href":"https:\/\/drs-fahimi.de\/home\/wp-json\/wp\/v2\/pages\/37","targetHints":{"allow":["GET"]}}],"collection":[{"href":"https:\/\/drs-fahimi.de\/home\/wp-json\/wp\/v2\/pages"}],"about":[{"href":"https:\/\/drs-fahimi.de\/home\/wp-json\/wp\/v2\/types\/page"}],"author":[{"embeddable":true,"href":"https:\/\/drs-fahimi.de\/home\/wp-json\/wp\/v2\/users\/1"}],"replies":[{"embeddable":true,"href":"https:\/\/drs-fahimi.de\/home\/wp-json\/wp\/v2\/comments?post=37"}],"version-history":[{"count":6,"href":"https:\/\/drs-fahimi.de\/home\/wp-json\/wp\/v2\/pages\/37\/revisions"}],"predecessor-version":[{"id":355,"href":"https:\/\/drs-fahimi.de\/home\/wp-json\/wp\/v2\/pages\/37\/revisions\/355"}],"wp:attachment":[{"href":"https:\/\/drs-fahimi.de\/home\/wp-json\/wp\/v2\/media?parent=37"}],"curies":[{"name":"wp","href":"https:\/\/api.w.org\/{rel}","templated":true}]}}