{"id":27,"date":"2020-08-09T19:55:34","date_gmt":"2020-08-09T17:55:34","guid":{"rendered":"http:\/\/drs-fahimi.de\/start\/?page_id=27"},"modified":"2023-03-26T11:03:25","modified_gmt":"2023-03-26T09:03:25","slug":"home","status":"publish","type":"page","link":"https:\/\/drs-fahimi.de\/home\/","title":{"rendered":"home"},"content":{"rendered":"\t\t<div data-elementor-type=\"wp-page\" data-elementor-id=\"27\" class=\"elementor elementor-27\">\n\t\t\t\t\t\t<section class=\"elementor-section elementor-top-section elementor-element elementor-element-4254b87 elementor-section-boxed elementor-section-height-default elementor-section-height-default\" data-id=\"4254b87\" data-element_type=\"section\" data-settings=\"{&quot;background_background&quot;:&quot;classic&quot;}\">\n\t\t\t\t\t\t<div class=\"elementor-container elementor-column-gap-default\">\n\t\t\t\t\t<div class=\"elementor-column elementor-col-100 elementor-top-column elementor-element elementor-element-b028538\" data-id=\"b028538\" data-element_type=\"column\">\n\t\t\t<div class=\"elementor-widget-wrap elementor-element-populated\">\n\t\t\t\t\t\t<div class=\"elementor-element elementor-element-cc3a892 elementor-widget elementor-widget-text-editor\" data-id=\"cc3a892\" data-element_type=\"widget\" data-widget_type=\"text-editor.default\">\n\t\t\t\t<div class=\"elementor-widget-container\">\n\t\t\t\t\t\t\t\t\t<pre style=\"text-align: right;\">\u00a0<\/pre>\t\t\t\t\t\t\t\t<\/div>\n\t\t\t\t<\/div>\n\t\t\t\t<div class=\"elementor-element elementor-element-aedd769 elementor-widget elementor-widget-image\" data-id=\"aedd769\" data-element_type=\"widget\" data-widget_type=\"image.default\">\n\t\t\t\t<div class=\"elementor-widget-container\">\n\t\t\t\t\t\t\t\t\t\t\t\t\t\t\t<img fetchpriority=\"high\" decoding=\"async\" width=\"900\" height=\"598\" src=\"https:\/\/drs-fahimi.de\/wp-content\/uploads\/2020\/08\/praxis_dr_fahimi_empfangsbereich-1024x680.jpg\" class=\"attachment-large size-large wp-image-104\" alt=\"\" srcset=\"https:\/\/drs-fahimi.de\/wp-content\/uploads\/2020\/08\/praxis_dr_fahimi_empfangsbereich-1024x680.jpg 1024w, https:\/\/drs-fahimi.de\/wp-content\/uploads\/2020\/08\/praxis_dr_fahimi_empfangsbereich-300x199.jpg 300w, https:\/\/drs-fahimi.de\/wp-content\/uploads\/2020\/08\/praxis_dr_fahimi_empfangsbereich-768x510.jpg 768w, https:\/\/drs-fahimi.de\/wp-content\/uploads\/2020\/08\/praxis_dr_fahimi_empfangsbereich-1536x1020.jpg 1536w, https:\/\/drs-fahimi.de\/wp-content\/uploads\/2020\/08\/praxis_dr_fahimi_empfangsbereich.jpg 2048w\" sizes=\"(max-width: 900px) 100vw, 900px\" \/>\t\t\t\t\t\t\t\t\t\t\t\t\t\t\t<\/div>\n\t\t\t\t<\/div>\n\t\t\t\t\t<\/div>\n\t\t<\/div>\n\t\t\t\t\t<\/div>\n\t\t<\/section>\n\t\t\t\t<section class=\"elementor-section elementor-top-section elementor-element elementor-element-82c1c08 elementor-section-boxed elementor-section-height-default elementor-section-height-default\" data-id=\"82c1c08\" data-element_type=\"section\" data-settings=\"{&quot;background_background&quot;:&quot;classic&quot;}\">\n\t\t\t\t\t\t<div class=\"elementor-container elementor-column-gap-default\">\n\t\t\t\t\t<div class=\"elementor-column elementor-col-100 elementor-top-column elementor-element elementor-element-8829c19\" data-id=\"8829c19\" data-element_type=\"column\">\n\t\t\t<div class=\"elementor-widget-wrap elementor-element-populated\">\n\t\t\t\t\t\t<div class=\"elementor-element elementor-element-f153a35 elementor-widget elementor-widget-spacer\" data-id=\"f153a35\" data-element_type=\"widget\" data-widget_type=\"spacer.default\">\n\t\t\t\t<div class=\"elementor-widget-container\">\n\t\t\t\t\t\t\t<div class=\"elementor-spacer\">\n\t\t\t<div class=\"elementor-spacer-inner\"><\/div>\n\t\t<\/div>\n\t\t\t\t\t\t<\/div>\n\t\t\t\t<\/div>\n\t\t\t\t<div class=\"elementor-element elementor-element-2b64b49 elementor-widget elementor-widget-heading\" data-id=\"2b64b49\" data-element_type=\"widget\" data-widget_type=\"heading.default\">\n\t\t\t\t<div class=\"elementor-widget-container\">\n\t\t\t\t\t<h2 class=\"elementor-heading-title elementor-size-default\">Herzlich willkommen<\/h2>\t\t\t\t<\/div>\n\t\t\t\t<\/div>\n\t\t\t\t<div class=\"elementor-element elementor-element-5996885 elementor-widget elementor-widget-heading\" data-id=\"5996885\" data-element_type=\"widget\" data-widget_type=\"heading.default\">\n\t\t\t\t<div class=\"elementor-widget-container\">\n\t\t\t\t\t<h2 class=\"elementor-heading-title elementor-size-default\">Als eine der ersten Diabetes Praxen in Kreuzberg ist unsere Praxis im Gesundheitszentrum Bergmannstrasse seit mehreren Jahren etabliert. Als Fach\u00e4rzte f\u00fcr Allgemeinmedizin in Kreuzberg f\u00fchren wir eine diabetologische Schwerpunktpraxis.\nMit unserem Team aus Diabetologen, Diabetes-Assistentinnen und Diabetes-Beraterinnen sind wir auch bestens vorbereitet, um auf die Bed\u00fcrfnisse und W\u00fcnsche der Menschen mit Diabetes einzugehen.\nAuf unserer Internetseite m\u00f6chten wir Ihnen einen \u00dcberblick \u00fcber unser Leistungsspektrum geben und Ihnen unser Behandlungsteam und unsere R\u00e4umlichkeiten vorstellen. Unser Ziel ist es, eine Vertrauensbasis zwischen Ihnen als Patient und unserem Team zu schaffen. Nehmen Sie mit uns Kontakt auf- wir freuen uns, Sie begr\u00fc\u00dfen zu d\u00fcrfen.\nIhr\nDr. med. Sohrab M. Fahimi<\/h2>\t\t\t\t<\/div>\n\t\t\t\t<\/div>\n\t\t\t\t\t<\/div>\n\t\t<\/div>\n\t\t\t\t\t<\/div>\n\t\t<\/section>\n\t\t\t\t<section class=\"elementor-section elementor-top-section elementor-element elementor-element-cf89d59 elementor-section-full_width elementor-section-height-default elementor-section-height-default\" data-id=\"cf89d59\" data-element_type=\"section\" data-settings=\"{&quot;background_background&quot;:&quot;classic&quot;}\">\n\t\t\t\t\t\t<div class=\"elementor-container elementor-column-gap-default\">\n\t\t\t\t\t<div class=\"elementor-column elementor-col-50 elementor-top-column elementor-element elementor-element-c15897c\" data-id=\"c15897c\" data-element_type=\"column\">\n\t\t\t<div class=\"elementor-widget-wrap\">\n\t\t\t\t\t\t\t<\/div>\n\t\t<\/div>\n\t\t\t\t<div class=\"elementor-column elementor-col-50 elementor-top-column elementor-element elementor-element-375b678\" data-id=\"375b678\" data-element_type=\"column\">\n\t\t\t<div class=\"elementor-widget-wrap\">\n\t\t\t\t\t\t\t<\/div>\n\t\t<\/div>\n\t\t\t\t\t<\/div>\n\t\t<\/section>\n\t\t\t\t<section class=\"elementor-section elementor-top-section elementor-element elementor-element-432b566 elementor-section-full_width elementor-section-height-default elementor-section-height-default\" data-id=\"432b566\" data-element_type=\"section\">\n\t\t\t\t\t\t<div class=\"elementor-container elementor-column-gap-default\">\n\t\t\t\t\t<div class=\"elementor-column elementor-col-100 elementor-top-column elementor-element elementor-element-d14c7c9\" data-id=\"d14c7c9\" data-element_type=\"column\" data-settings=\"{&quot;background_background&quot;:&quot;classic&quot;}\">\n\t\t\t<div class=\"elementor-widget-wrap elementor-element-populated\">\n\t\t\t\t\t\t<div class=\"elementor-element elementor-element-4376c88 elementor-widget elementor-widget-image\" data-id=\"4376c88\" data-element_type=\"widget\" data-widget_type=\"image.default\">\n\t\t\t\t<div class=\"elementor-widget-container\">\n\t\t\t\t\t\t\t\t\t\t\t\t\t\t\t<img decoding=\"async\" width=\"808\" height=\"540\" src=\"https:\/\/drs-fahimi.de\/wp-content\/uploads\/2020\/08\/praxis_dr_fahimi_aussenansicht.png\" class=\"attachment-large size-large wp-image-118\" alt=\"\" srcset=\"https:\/\/drs-fahimi.de\/wp-content\/uploads\/2020\/08\/praxis_dr_fahimi_aussenansicht.png 808w, https:\/\/drs-fahimi.de\/wp-content\/uploads\/2020\/08\/praxis_dr_fahimi_aussenansicht-300x200.png 300w, https:\/\/drs-fahimi.de\/wp-content\/uploads\/2020\/08\/praxis_dr_fahimi_aussenansicht-768x513.png 768w\" sizes=\"(max-width: 808px) 100vw, 808px\" \/>\t\t\t\t\t\t\t\t\t\t\t\t\t\t\t<\/div>\n\t\t\t\t<\/div>\n\t\t\t\t\t<\/div>\n\t\t<\/div>\n\t\t\t\t\t<\/div>\n\t\t<\/section>\n\t\t\t\t<section class=\"elementor-section elementor-top-section elementor-element elementor-element-46c86da0 elementor-section-boxed elementor-section-height-default elementor-section-height-default\" data-id=\"46c86da0\" data-element_type=\"section\" data-settings=\"{&quot;background_background&quot;:&quot;classic&quot;}\">\n\t\t\t\t\t\t<div class=\"elementor-container elementor-column-gap-default\">\n\t\t\t\t\t<div class=\"elementor-column elementor-col-100 elementor-top-column elementor-element elementor-element-b008a34\" data-id=\"b008a34\" data-element_type=\"column\">\n\t\t\t<div class=\"elementor-widget-wrap elementor-element-populated\">\n\t\t\t\t\t\t<div class=\"elementor-element elementor-element-7340acb6 elementor-widget elementor-widget-elementskit-heading\" data-id=\"7340acb6\" data-element_type=\"widget\" id=\"aktuelles\" data-widget_type=\"elementskit-heading.default\">\n\t\t\t\t<div class=\"elementor-widget-container\">\n\t\t\t\t\t<div class=\"ekit-wid-con\" ><div class=\"ekit-heading elementskit-section-title-wraper center   ekit_heading_tablet-   ekit_heading_mobile-\"><h2 class=\"ekit-heading--title elementskit-section-title \">Aktuelles aus unserer Praxis<\/h2><div class=\"ekit_heading_separetor_wraper ekit_heading_elementskit-border-divider ekit-dotted\"><div class=\"elementskit-border-divider ekit-dotted\"><\/div><\/div><\/div><\/div>\t\t\t\t<\/div>\n\t\t\t\t<\/div>\n\t\t\t\t<div class=\"elementor-element elementor-element-61f9527 elementor-widget elementor-widget-heading\" data-id=\"61f9527\" data-element_type=\"widget\" data-widget_type=\"heading.default\">\n\t\t\t\t<div class=\"elementor-widget-container\">\n\t\t\t\t\t<h2 class=\"elementor-heading-title elementor-size-default\">2023: unsere Praxis ist nun ein von der Deutschen Diabetes Gesellschaft zertifiziertes Diabeteszentrum<\/h2>\t\t\t\t<\/div>\n\t\t\t\t<\/div>\n\t\t\t\t<div class=\"elementor-element elementor-element-b41896c elementor-widget elementor-widget-spacer\" data-id=\"b41896c\" data-element_type=\"widget\" data-widget_type=\"spacer.default\">\n\t\t\t\t<div class=\"elementor-widget-container\">\n\t\t\t\t\t\t\t<div class=\"elementor-spacer\">\n\t\t\t<div class=\"elementor-spacer-inner\"><\/div>\n\t\t<\/div>\n\t\t\t\t\t\t<\/div>\n\t\t\t\t<\/div>\n\t\t\t\t\t<\/div>\n\t\t<\/div>\n\t\t\t\t\t<\/div>\n\t\t<\/section>\n\t\t\t\t<\/div>\n\t\t","protected":false},"excerpt":{"rendered":"<p>\u00a0 Herzlich willkommen Als eine der ersten Diabetes Praxen in Kreuzberg ist unsere Praxis im Gesundheitszentrum Bergmannstrasse seit mehreren Jahren etabliert. Als Fach\u00e4rzte f\u00fcr Allgemeinmedizin in Kreuzberg f\u00fchren wir eine [&hellip;]<\/p>\n","protected":false},"author":1,"featured_media":0,"parent":0,"menu_order":0,"comment_status":"closed","ping_status":"closed","template":"elementor_header_footer","meta":{"_monsterinsights_skip_tracking":false,"_monsterinsights_sitenote_active":false,"_monsterinsights_sitenote_note":"","_monsterinsights_sitenote_category":0,"footnotes":""},"class_list":["post-27","page","type-page","status-publish","hentry"],"_links":{"self":[{"href":"https:\/\/drs-fahimi.de\/home\/wp-json\/wp\/v2\/pages\/27","targetHints":{"allow":["GET"]}}],"collection":[{"href":"https:\/\/drs-fahimi.de\/home\/wp-json\/wp\/v2\/pages"}],"about":[{"href":"https:\/\/drs-fahimi.de\/home\/wp-json\/wp\/v2\/types\/page"}],"author":[{"embeddable":true,"href":"https:\/\/drs-fahimi.de\/home\/wp-json\/wp\/v2\/users\/1"}],"replies":[{"embeddable":true,"href":"https:\/\/drs-fahimi.de\/home\/wp-json\/wp\/v2\/comments?post=27"}],"version-history":[{"count":10,"href":"https:\/\/drs-fahimi.de\/home\/wp-json\/wp\/v2\/pages\/27\/revisions"}],"predecessor-version":[{"id":620,"href":"https:\/\/drs-fahimi.de\/home\/wp-json\/wp\/v2\/pages\/27\/revisions\/620"}],"wp:attachment":[{"href":"https:\/\/drs-fahimi.de\/home\/wp-json\/wp\/v2\/media?parent=27"}],"curies":[{"name":"wp","href":"https:\/\/api.w.org\/{rel}","templated":true}]}}